{"id":6,"date":"2011-07-26T11:19:59","date_gmt":"2011-07-26T11:19:59","guid":{"rendered":"http:\/\/www.vinoverde.de\/blog\/?page_id=5"},"modified":"2023-10-11T10:54:47","modified_gmt":"2023-10-11T08:54:47","slug":"impressum","status":"publish","type":"page","link":"https:\/\/www.vinoverde.de\/blog\/impressum\/","title":{"rendered":"Impressum"},"content":{"rendered":"<p>Verantwortlich im Sinne des Presserechts, des \u00a7 6 des Mediendienste-Staatsvertrages, des Teledienstegesetzes (TDG) und des Teledienstdatenschutzgesetzes (TDDSG):<\/p>\n<p>Steffen Krischak Online Wein- und Spezialit\u00e4tenhandel<br \/>\nDavenstedter Stra\u00dfe 60<br \/>\n30453 Hannover<br \/>\nTelefon: +49 511 6551227-1<br \/>\nTelefax: +49 511 6551227-2<br \/>\nEmail: <a href=\"mailto:info@vinoverde.de\">info@vinoverde.de<\/a><br \/>\nSteuernummer: 26\/124\/04362<br \/>\nUst.-ID-Nr. gem\u00e4\u00df \u00a727a Umsatzsteuergesetz: DE813620587<br \/>\nDE-\u00d6ko-037-Kontrollstelle &#8211; EG-Kontrollnummer: DE-NI-039-09821-B<\/p>\n<p>Design: vinoverde.de (<a href=\"http:\/\/www.vinoverde.de\">www.vinoverde.de<\/a>)<\/p>\n<p>Alle Links auf externe Seiten wurden von uns bei Erstellung der Seite sorgf\u00e4ltig gepr\u00fcft. M\u00f6gliche Rechtsverst\u00f6\u00dfe waren zum Zeitpunkt der Verlinkung nicht erkennbar. Allerdings haben wir keinen Einfluss auf die Inhalte verlinkter Seiten, hierf\u00fcr ist der jeweilige Dienstanbieter verantwortlich. Sollten rechtswidrige Seiten \u00fcber die Hyperlinks abrufbar sein, bitten wir um eine Mitteilung an <a href=\"mailto:info@vinoverde.de\">info@vinoverde.de<\/a>. Wir werden dies dann \u00fcberpr\u00fcfen und die Links ggf. entfernen.<\/p>\n<p>Copyright (c) 2003-2017Steffen Krischak, vinoverde.de, Hannover. Alle Rechte vorbehalten.<\/p>\n","protected":false},"excerpt":{"rendered":"<p>Verantwortlich im Sinne des Presserechts, des \u00a7 6 des Mediendienste-Staatsvertrages, des Teledienstegesetzes (TDG) und des Teledienstdatenschutzgesetzes (TDDSG): Steffen Krischak Online Wein- und Spezialit\u00e4tenhandel Davenstedter Stra\u00dfe 60 30453 Hannover Telefon: +49 511 6551227-1 Telefax: +49 511 6551227-2 Email: info@vinoverde.de Steuernummer: 26\/124\/04362 Ust.-ID-Nr. gem\u00e4\u00df \u00a727a Umsatzsteuergesetz: DE813620587 DE-\u00d6ko-037-Kontrollstelle &#8211; EG-Kontrollnummer: DE-NI-039-09821-B Design: vinoverde.de (www.vinoverde.de) Alle Links auf [&hellip;]<\/p>\n","protected":false},"author":2,"featured_media":0,"parent":0,"menu_order":3,"comment_status":"open","ping_status":"open","template":"","meta":[],"_links":{"self":[{"href":"https:\/\/www.vinoverde.de\/blog\/wp-json\/wp\/v2\/pages\/6"}],"collection":[{"href":"https:\/\/www.vinoverde.de\/blog\/wp-json\/wp\/v2\/pages"}],"about":[{"href":"https:\/\/www.vinoverde.de\/blog\/wp-json\/wp\/v2\/types\/page"}],"author":[{"embeddable":true,"href":"https:\/\/www.vinoverde.de\/blog\/wp-json\/wp\/v2\/users\/2"}],"replies":[{"embeddable":true,"href":"https:\/\/www.vinoverde.de\/blog\/wp-json\/wp\/v2\/comments?post=6"}],"version-history":[{"count":3,"href":"https:\/\/www.vinoverde.de\/blog\/wp-json\/wp\/v2\/pages\/6\/revisions"}],"predecessor-version":[{"id":341,"href":"https:\/\/www.vinoverde.de\/blog\/wp-json\/wp\/v2\/pages\/6\/revisions\/341"}],"wp:attachment":[{"href":"https:\/\/www.vinoverde.de\/blog\/wp-json\/wp\/v2\/media?parent=6"}],"curies":[{"name":"wp","href":"https:\/\/api.w.org\/{rel}","templated":true}]}}